{"id":88,"date":"2010-12-13T21:59:34","date_gmt":"2010-12-13T21:59:34","guid":{"rendered":"http:\/\/www.versspreken.nl\/?page_id=88"},"modified":"2013-08-07T03:49:10","modified_gmt":"2013-08-07T01:49:10","slug":"maud-vanhauwaert","status":"publish","type":"page","link":"http:\/\/www.versspreken.nl\/?page_id=88","title":{"rendered":"Maud Vanhauwaert"},"content":{"rendered":"<p><a href=\"http:\/\/www.versspreken.nl\/wp-content\/uploads\/2010\/12\/maud.jpg\"><img data-attachment-id=\"89\" data-permalink=\"http:\/\/www.versspreken.nl\/?attachment_id=89#main\" data-orig-file=\"http:\/\/www.versspreken.nl\/wp-content\/uploads\/2010\/12\/maud.jpg\" data-orig-size=\"604,427\" data-comments-opened=\"1\" data-image-meta=\"{&quot;aperture&quot;:&quot;0&quot;,&quot;credit&quot;:&quot;&quot;,&quot;camera&quot;:&quot;&quot;,&quot;caption&quot;:&quot;&quot;,&quot;created_timestamp&quot;:&quot;0&quot;,&quot;copyright&quot;:&quot;&quot;,&quot;focal_length&quot;:&quot;0&quot;,&quot;iso&quot;:&quot;0&quot;,&quot;shutter_speed&quot;:&quot;0&quot;,&quot;title&quot;:&quot;&quot;}\" data-image-title=\"maud vanhauwaert\" data-image-description=\"\" data-image-caption=\"\" data-medium-file=\"http:\/\/www.versspreken.nl\/wp-content\/uploads\/2010\/12\/maud-300x212.jpg\" data-large-file=\"http:\/\/www.versspreken.nl\/wp-content\/uploads\/2010\/12\/maud.jpg\" loading=\"lazy\" class=\"alignleft size-medium wp-image-89\" style=\"margin-left: 10px; margin-right: 10px;\" title=\"maud vanhauwaert\" src=\"http:\/\/www.versspreken.nl\/wp-content\/uploads\/2010\/12\/maud-300x212.jpg\" alt=\"\" width=\"199\" height=\"140\" srcset=\"http:\/\/www.versspreken.nl\/wp-content\/uploads\/2010\/12\/maud-300x212.jpg 300w, http:\/\/www.versspreken.nl\/wp-content\/uploads\/2010\/12\/maud.jpg 604w\" sizes=\"(max-width: 199px) 100vw, 199px\" \/><\/a>Maud Vanhauwaert (1984) volgde de opleidingen Woordkunst en Taal- en Letterkunde en de master Meertalige Professionele Communicatie. Ze maakt  theatervoorstellingen, onder andere bij De Tijd, is freelancer bij Jeugd  en Po\u00ebzie, en heeft een kanariepiet die luistert naar de naam Giraf.  Haar debuutbundel verschijnt in 2011 bij Querido.<\/p>\n<p>Te horen in: <a title=\"H\u00e9l\u00e8ne Gel\u00e8ns\" href=\"..\/?p=44\" target=\"_self\">VS#6<\/a><\/p>\n<p>Zie ook: <a href=\"http:\/\/www.maudvanhauwaert.be\" target=\"_blank\">www.maudvanhauwaert.be<\/a><\/p>\n","protected":false},"excerpt":{"rendered":"<p>Maud Vanhauwaert (1984) volgde de opleidingen Woordkunst en Taal- en Letterkunde en de master Meertalige Professionele Communicatie. Ze maakt theatervoorstellingen, onder andere bij De Tijd,&hellip;<\/p>\n","protected":false},"author":1,"featured_media":0,"parent":63,"menu_order":7,"comment_status":"closed","ping_status":"open","template":"","meta":{"spay_email":""},"jetpack_shortlink":"https:\/\/wp.me\/P3d8P4-1q","jetpack_sharing_enabled":true,"_links":{"self":[{"href":"http:\/\/www.versspreken.nl\/index.php?rest_route=\/wp\/v2\/pages\/88"}],"collection":[{"href":"http:\/\/www.versspreken.nl\/index.php?rest_route=\/wp\/v2\/pages"}],"about":[{"href":"http:\/\/www.versspreken.nl\/index.php?rest_route=\/wp\/v2\/types\/page"}],"author":[{"embeddable":true,"href":"http:\/\/www.versspreken.nl\/index.php?rest_route=\/wp\/v2\/users\/1"}],"replies":[{"embeddable":true,"href":"http:\/\/www.versspreken.nl\/index.php?rest_route=%2Fwp%2Fv2%2Fcomments&post=88"}],"version-history":[{"count":1,"href":"http:\/\/www.versspreken.nl\/index.php?rest_route=\/wp\/v2\/pages\/88\/revisions"}],"predecessor-version":[{"id":90,"href":"http:\/\/www.versspreken.nl\/index.php?rest_route=\/wp\/v2\/pages\/88\/revisions\/90"}],"up":[{"embeddable":true,"href":"http:\/\/www.versspreken.nl\/index.php?rest_route=\/wp\/v2\/pages\/63"}],"wp:attachment":[{"href":"http:\/\/www.versspreken.nl\/index.php?rest_route=%2Fwp%2Fv2%2Fmedia&parent=88"}],"curies":[{"name":"wp","href":"https:\/\/api.w.org\/{rel}","templated":true}]}}