{"id":78,"date":"2010-12-13T21:46:14","date_gmt":"2010-12-13T21:46:14","guid":{"rendered":"http:\/\/www.versspreken.nl\/?page_id=78"},"modified":"2013-08-07T03:48:38","modified_gmt":"2013-08-07T01:48:38","slug":"erik-lindner","status":"publish","type":"page","link":"http:\/\/www.versspreken.nl\/?page_id=78","title":{"rendered":"Erik Lindner"},"content":{"rendered":"<p><a href=\"http:\/\/www.versspreken.nl\/wp-content\/uploads\/2010\/12\/erik.jpg\"><img data-attachment-id=\"79\" data-permalink=\"http:\/\/www.versspreken.nl\/?attachment_id=79#main\" data-orig-file=\"http:\/\/www.versspreken.nl\/wp-content\/uploads\/2010\/12\/erik.jpg\" data-orig-size=\"200,300\" data-comments-opened=\"1\" data-image-meta=\"{&quot;aperture&quot;:&quot;0&quot;,&quot;credit&quot;:&quot;&quot;,&quot;camera&quot;:&quot;&quot;,&quot;caption&quot;:&quot;&quot;,&quot;created_timestamp&quot;:&quot;0&quot;,&quot;copyright&quot;:&quot;&quot;,&quot;focal_length&quot;:&quot;0&quot;,&quot;iso&quot;:&quot;0&quot;,&quot;shutter_speed&quot;:&quot;0&quot;,&quot;title&quot;:&quot;&quot;}\" data-image-title=\"Erik Lindner\" data-image-description=\"\" data-image-caption=\"\" data-medium-file=\"http:\/\/www.versspreken.nl\/wp-content\/uploads\/2010\/12\/erik.jpg\" data-large-file=\"http:\/\/www.versspreken.nl\/wp-content\/uploads\/2010\/12\/erik.jpg\" loading=\"lazy\" class=\"alignleft size-full wp-image-79\" style=\"margin-left: 10px; margin-right: 10px;\" title=\"Erik Lindner\" src=\"http:\/\/www.versspreken.nl\/wp-content\/uploads\/2010\/12\/erik.jpg\" alt=\"\" width=\"129\" height=\"194\" \/><\/a>Erik Lindner (1968) publiceerde de dichtbundels <em>Tramontane<\/em> (Perdu, 1996), <em>Tong en trede<\/em> (De Bezige Bij, 2000) en <em>Tafel<\/em> (De Bezige Bij, 2004). In Franse vertaling verscheen <em>Terrain<\/em> (Centre International de Po\u00e9sie Marseille \/ Spectres familiaires, 2007). Samen met Henk van der Waal stelde hij<em> De kunst van het dichten; gesprekken en essays over po\u00ebzie<\/em> (Querido, 2009) samen. In 2010 verscheen zijn laatste dichtbundel <em>Terrein<\/em> bij De Bezige Bij.<br \/>\nLindner is freelance recensent en verslaggever voor onder meer <em>De Groene Amsterdammer<\/em>, <em>Ons erfdeel<\/em>, <em>Po\u00ebziekrant<\/em> en VPRO\u2019s <em>De Avonden<\/em>. Hij heeft een wekelijkse rubriek &#8216;over po\u00ebzie&#8217; op <a href=\"http:\/\/www.groene.nl\/boeken\">http:\/\/www.groene.nl\/boeken<\/a> en is redacteur van het literaire tijdschrift <a href=\"http:\/\/www.terrasterras.nl\" target=\"_blank\"><em>Terras<\/em><\/a>.<\/p>\n<p>Te horen in: <a title=\"Thomas M\u00f6hlmann\" href=\"..\/?p=5\" target=\"_self\">VS#1<\/a>, <a title=\"Bart Meuleman\" href=\"..\/?p=40\" target=\"_self\">VS#5<\/a> en <a title=\"H\u00e9l\u00e8ne Gel\u00e8ns\" href=\"..\/?p=44\" target=\"_self\">VS#6<\/a>.<\/p>\n<p>Zie ook: <a href=\"http:\/\/www.eriklindner.nl\" target=\"_blank\">www.eriklindner.nl<\/a><\/p>\n","protected":false},"excerpt":{"rendered":"<p>Erik Lindner (1968) publiceerde de dichtbundels Tramontane (Perdu, 1996), Tong en trede (De Bezige Bij, 2000) en Tafel (De Bezige Bij, 2004). In Franse vertaling&hellip;<\/p>\n","protected":false},"author":1,"featured_media":0,"parent":63,"menu_order":4,"comment_status":"closed","ping_status":"closed","template":"","meta":{"spay_email":""},"jetpack_shortlink":"https:\/\/wp.me\/P3d8P4-1g","jetpack_sharing_enabled":true,"_links":{"self":[{"href":"http:\/\/www.versspreken.nl\/index.php?rest_route=\/wp\/v2\/pages\/78"}],"collection":[{"href":"http:\/\/www.versspreken.nl\/index.php?rest_route=\/wp\/v2\/pages"}],"about":[{"href":"http:\/\/www.versspreken.nl\/index.php?rest_route=\/wp\/v2\/types\/page"}],"author":[{"embeddable":true,"href":"http:\/\/www.versspreken.nl\/index.php?rest_route=\/wp\/v2\/users\/1"}],"replies":[{"embeddable":true,"href":"http:\/\/www.versspreken.nl\/index.php?rest_route=%2Fwp%2Fv2%2Fcomments&post=78"}],"version-history":[{"count":6,"href":"http:\/\/www.versspreken.nl\/index.php?rest_route=\/wp\/v2\/pages\/78\/revisions"}],"predecessor-version":[{"id":269,"href":"http:\/\/www.versspreken.nl\/index.php?rest_route=\/wp\/v2\/pages\/78\/revisions\/269"}],"up":[{"embeddable":true,"href":"http:\/\/www.versspreken.nl\/index.php?rest_route=\/wp\/v2\/pages\/63"}],"wp:attachment":[{"href":"http:\/\/www.versspreken.nl\/index.php?rest_route=%2Fwp%2Fv2%2Fmedia&parent=78"}],"curies":[{"name":"wp","href":"https:\/\/api.w.org\/{rel}","templated":true}]}}