{"id":74,"date":"2010-12-13T21:39:46","date_gmt":"2010-12-13T21:39:46","guid":{"rendered":"http:\/\/www.versspreken.nl\/?page_id=74"},"modified":"2021-10-26T01:27:10","modified_gmt":"2021-10-25T23:27:10","slug":"matthijs-ponte","status":"publish","type":"page","link":"http:\/\/www.versspreken.nl\/?page_id=74","title":{"rendered":"Matthijs Ponte"},"content":{"rendered":"<p><a href=\"http:\/\/www.versspreken.nl\/wp-content\/uploads\/2010\/12\/matthijs.jpg\"><img data-attachment-id=\"75\" data-permalink=\"http:\/\/www.versspreken.nl\/?attachment_id=75#main\" data-orig-file=\"http:\/\/www.versspreken.nl\/wp-content\/uploads\/2010\/12\/matthijs.jpg\" data-orig-size=\"604,453\" data-comments-opened=\"1\" data-image-meta=\"{&quot;aperture&quot;:&quot;0&quot;,&quot;credit&quot;:&quot;&quot;,&quot;camera&quot;:&quot;&quot;,&quot;caption&quot;:&quot;&quot;,&quot;created_timestamp&quot;:&quot;0&quot;,&quot;copyright&quot;:&quot;&quot;,&quot;focal_length&quot;:&quot;0&quot;,&quot;iso&quot;:&quot;0&quot;,&quot;shutter_speed&quot;:&quot;0&quot;,&quot;title&quot;:&quot;&quot;}\" data-image-title=\"Matthijs Ponte\" data-image-description=\"\" data-image-caption=\"\" data-medium-file=\"http:\/\/www.versspreken.nl\/wp-content\/uploads\/2010\/12\/matthijs-300x225.jpg\" data-large-file=\"http:\/\/www.versspreken.nl\/wp-content\/uploads\/2010\/12\/matthijs.jpg\" loading=\"lazy\" class=\"alignleft size-medium wp-image-75\" style=\"margin-left: 10px; margin-right: 10px;\" title=\"Matthijs Ponte\" src=\"http:\/\/www.versspreken.nl\/wp-content\/uploads\/2010\/12\/matthijs-300x225.jpg\" alt=\"\" width=\"184\" height=\"138\" srcset=\"http:\/\/www.versspreken.nl\/wp-content\/uploads\/2010\/12\/matthijs-300x225.jpg 300w, http:\/\/www.versspreken.nl\/wp-content\/uploads\/2010\/12\/matthijs.jpg 604w\" sizes=\"(max-width: 184px) 100vw, 184px\" \/><\/a>Matthijs Ponte (1982) is dichter, filosoof, en voorheen o.a. mededirecteur van het internationale literatuurfestival Read my World, co\u00f6rdinator van Stichting Perdu, medewerker van de werkgroep Cara\u00efbische Letteren en onderdeel van het collectief Schijnheilig.\u00a0 Hij schreef stukken voor ondermeer Awater, de Reactor, Joop, Vooys, Terras en DWB en maakte programma&#8217;s voor Perdu en Schijnheilig. Samen met Joost Baars is hij producent en presentator van VersSpreken.<\/p>\n<p>Te horen in: <a title=\"Thomas M\u00f6hlmann\" href=\"..\/?p=5\" target=\"_self\" rel=\"noopener\">VS#1<\/a>, <a title=\"Toon Tellegen\" href=\"..\/?p=18\" target=\"_self\" rel=\"noopener\">VS#2<\/a>, <a title=\"Rodaan Al Galidi\" href=\"..\/?p=25\" target=\"_self\" rel=\"noopener\">VS#3<\/a>, <a title=\"Mark Insingel\" href=\"..\/?p=32\" target=\"_self\" rel=\"noopener\">VS#4<\/a>, <a title=\"H\u00e9l\u00e8ne Gel\u00e8ns\" href=\"..\/?p=44\" target=\"_self\" rel=\"noopener\">VS#6<\/a>, <a title=\"VS#7: Gerard Reve\" href=\"..\/?p=220\">VS#7<\/a>, <a href=\"http:\/\/www.versspreken.nl\/?p=251\">VS#8<\/a>, <a href=\"http:\/\/www.versspreken.nl\/?p=288\">VS#9<\/a>, <a href=\"http:\/\/www.versspreken.nl\/?p=301\">VS#10,<\/a> <a href=\"http:\/\/www.versspreken.nl\/?p=327\">VS#11<\/a> en <a href=\"http:\/\/www.versspreken.nl\/?p=384\">VS#12<\/a>.<\/p>\n<p>Zie ook: <a href=\"http:\/\/politieketaal.nl\/\">politieke taal<\/a><\/p>\n","protected":false},"excerpt":{"rendered":"<p>Matthijs Ponte (1982) is dichter, filosoof, en voorheen o.a. mededirecteur van het internationale literatuurfestival Read my World, co\u00f6rdinator van Stichting Perdu, medewerker van de werkgroep&hellip;<\/p>\n","protected":false},"author":1,"featured_media":0,"parent":63,"menu_order":5,"comment_status":"closed","ping_status":"closed","template":"","meta":{"spay_email":""},"jetpack_shortlink":"https:\/\/wp.me\/P3d8P4-1c","jetpack_sharing_enabled":true,"_links":{"self":[{"href":"http:\/\/www.versspreken.nl\/index.php?rest_route=\/wp\/v2\/pages\/74"}],"collection":[{"href":"http:\/\/www.versspreken.nl\/index.php?rest_route=\/wp\/v2\/pages"}],"about":[{"href":"http:\/\/www.versspreken.nl\/index.php?rest_route=\/wp\/v2\/types\/page"}],"author":[{"embeddable":true,"href":"http:\/\/www.versspreken.nl\/index.php?rest_route=\/wp\/v2\/users\/1"}],"replies":[{"embeddable":true,"href":"http:\/\/www.versspreken.nl\/index.php?rest_route=%2Fwp%2Fv2%2Fcomments&post=74"}],"version-history":[{"count":13,"href":"http:\/\/www.versspreken.nl\/index.php?rest_route=\/wp\/v2\/pages\/74\/revisions"}],"predecessor-version":[{"id":622,"href":"http:\/\/www.versspreken.nl\/index.php?rest_route=\/wp\/v2\/pages\/74\/revisions\/622"}],"up":[{"embeddable":true,"href":"http:\/\/www.versspreken.nl\/index.php?rest_route=\/wp\/v2\/pages\/63"}],"wp:attachment":[{"href":"http:\/\/www.versspreken.nl\/index.php?rest_route=%2Fwp%2Fv2%2Fmedia&parent=74"}],"curies":[{"name":"wp","href":"https:\/\/api.w.org\/{rel}","templated":true}]}}