{"id":2,"date":"2010-11-23T07:45:13","date_gmt":"2010-11-23T07:45:13","guid":{"rendered":"http:\/\/www.versspreken.nl\/?page_id=2"},"modified":"2013-08-14T01:47:47","modified_gmt":"2013-08-13T23:47:47","slug":"about","status":"publish","type":"page","link":"http:\/\/www.versspreken.nl\/","title":{"rendered":"Over VersSpreken"},"content":{"rendered":"<p>VersSpreken is een podcast over en met po\u00ebzie. In VersSpreken praten vier dichters over \u00e9\u00e9n enkel gedicht. Tijdens het gesprek wordt niet naar \u00e9\u00e9n punt toe geredeneerd, maar worden idee\u00ebn en leesingangen uitgewisseld om zo de leesmogelijkheden van het gedicht te verkennen \u00e9n hopelijk te vergroten.<\/p>\n<p>En er klinkt altijd po\u00ebzie. Alle gesprekken in VersSpreken worden voorafgegaan door een voordracht van de besproken dichter zelf \u2013 soms uit geluidsarchieven, maar vaak ook uit opnames die speciaal voor dit programma gemaakt worden.<\/p>\n<p>VersSpreken wordt geproduceerd, en afwisselend gepresenteerd door Joost Baars en Matthijs Ponte.<\/p>\n<p>In december 2010 werd VersSpreken bekroond als Nederlandse winnaar van de <a href=\"http:\/\/blog.european-podcast-award.eu\/european-podcast-award-2010-national-winners-and-top-rankings-for-netherlands-323\" target=\"_blank\">European Podcast Award<\/a> in de categorie non-profit.<\/p>\n","protected":false},"excerpt":{"rendered":"<p>VersSpreken is een podcast over en met po\u00ebzie. In VersSpreken praten vier dichters over \u00e9\u00e9n enkel gedicht. Tijdens het gesprek wordt niet naar \u00e9\u00e9n punt&hellip;<\/p>\n","protected":false},"author":1,"featured_media":0,"parent":0,"menu_order":0,"comment_status":"closed","ping_status":"closed","template":"","meta":{"spay_email":""},"jetpack_shortlink":"https:\/\/wp.me\/P3d8P4-2","jetpack_sharing_enabled":true,"_links":{"self":[{"href":"http:\/\/www.versspreken.nl\/index.php?rest_route=\/wp\/v2\/pages\/2"}],"collection":[{"href":"http:\/\/www.versspreken.nl\/index.php?rest_route=\/wp\/v2\/pages"}],"about":[{"href":"http:\/\/www.versspreken.nl\/index.php?rest_route=\/wp\/v2\/types\/page"}],"author":[{"embeddable":true,"href":"http:\/\/www.versspreken.nl\/index.php?rest_route=\/wp\/v2\/users\/1"}],"replies":[{"embeddable":true,"href":"http:\/\/www.versspreken.nl\/index.php?rest_route=%2Fwp%2Fv2%2Fcomments&post=2"}],"version-history":[{"count":6,"href":"http:\/\/www.versspreken.nl\/index.php?rest_route=\/wp\/v2\/pages\/2\/revisions"}],"predecessor-version":[{"id":460,"href":"http:\/\/www.versspreken.nl\/index.php?rest_route=\/wp\/v2\/pages\/2\/revisions\/460"}],"wp:attachment":[{"href":"http:\/\/www.versspreken.nl\/index.php?rest_route=%2Fwp%2Fv2%2Fmedia&parent=2"}],"curies":[{"name":"wp","href":"https:\/\/api.w.org\/{rel}","templated":true}]}}